{"id":650,"date":"2024-07-01T13:15:46","date_gmt":"2024-07-01T11:15:46","guid":{"rendered":"https:\/\/brzezovka.pl\/teneryfa\/?page_id=650"},"modified":"2024-07-04T07:49:12","modified_gmt":"2024-07-04T05:49:12","slug":"polityka-prywatnosci","status":"publish","type":"page","link":"https:\/\/brzezovka.pl\/teneryfa\/polityka-prywatnosci\/","title":{"rendered":"Polityka prywatno\u015bci"},"content":{"rendered":"<p>KLAUZULA INFORMACYJNA<\/p>\n<p>Zgodnie z art. 13 ust. 1 i ust. 2 og\u00f3lnego rozporz\u0105dzenia o ochronie danych osobowych z dnia 27 kwietnia 2016 r. informuj\u0119, i\u017c:<br \/>\n1) Administratorem Pani\/Pana danych osobowych jest Marcin Szypu\u0142a,<br \/>\nzam. ul Zbo\u017cowa 7, 36-100 Kolbuszowa. POLAND<br \/>\n2) Z Administratorem mo\u017cna kontaktowa\u0107 si\u0119 pisemnie, za pomocy poczty elektronicznej na adres: \u00a0gardencity3019@gmail.com<br \/>\n3) Inspektor ochrony danych osobowych nie zosta\u0142 wyznaczony;<br \/>\n4) Pani\/Pana dane osobowe przetwarzane b\u0119d\u0105 w celu:<br \/>\na) prowadzenia komunikacji oraz oferowania us\u0142ug wynajmu apartamentu drog\u0105 elektroniczn\u0105 (art. 6 ust. 1 lit. a RODO),<br \/>\nb) dzia\u0142a\u0144 zmierzaj\u0105cych do zawarcia umowy i wykonania umowy wynajmu (art. 6 ust. 1 lit. b RODO);<br \/>\nc) wype\u0142niania obowi\u0105zk\u00f3w prawnych ci\u0105\u017c\u0105cych na Administratorze wynikaj\u0105cym m.in. z ustawy o rachunkowo\u015bci, prawa podatkowego (art. 6 ust 1 lit. c RODO)<br \/>\nd) realizacji innych prawnie uzasadnionych interes\u00f3w realizowanych przez Administratora w szczeg\u00f3lno\u015bci w celach marketingu bezpo\u015bredniego w\u0142asnych us\u0142ug, ustalenia, dochodzenia lub obrony roszcze\u0144 (art. 6 ust. 1<br \/>\nlit. f RODO);<br \/>\n5) Pani\/Pana dane osobowe b\u0119d\u0105 udost\u0119pniane podmiotom \u015bwiadcz\u0105cym us\u0142ugi ksi\u0119gowe dla Administratora oraz innym podmiotom i organom, kt\u00f3rym Administrator jest zobowi\u0105zany lub upowa\u017cniony udost\u0119pni\u0107 dane osobowe na podstawie powszechnie obowi\u0105zuj\u0105cych przepis\u00f3w prawa.<br \/>\n6) Pani\/Pana dane osobowe nie b\u0119d\u0105 przekazywane do pa\u0144stwa trzeciego\/organizacji mi\u0119dzynarodowej.<br \/>\n7) Dane osobowe przechowywane s\u0105 przez Administratora przez okres niezb\u0119dny dla realizacji cel\u00f3w ich przetwarzania, tj.<br \/>\na) w zakresie dzia\u0142a\u0144 zmierzaj\u0105cych do zawarcia i wykonania umowy \u2013 do czasu zako\u0144czenia realizacji um\u00f3w, a po tym czasie \u2013 przez okres oraz w zakresie wymaganym przez przepisy prawa lub koniecznym dla zabezpieczenia ewentualnych roszcze\u0144 Administratora;<br \/>\nb) w zakresie komunikacji w kana\u0142ach elektronicznych &#8211; do czasu cofni\u0119cia zgody;<br \/>\nc) w zakresie marketingu us\u0142ug oferowanych przez Administratora &#8211; do czasu wyra\u017cenia sprzeciwu lub cofni\u0119cia zgody;<br \/>\nd) w zakresie realizacji innych prawnie uzasadnionych interes\u00f3w realizowanych przez Administratora \u2013 do czasu wyra\u017cenia sprzeciwu, o ile nie istnieje nadrz\u0119dna prawnie uzasadniona podstawa przetwarzania.<br \/>\n8) Przys\u0142uguje Panu\/Pani prawo do \u017c\u0105dania od Administratora dost\u0119pu do swoich danych osobowych oraz prawo \u017c\u0105dania ich sprostowania, usuni\u0119cia, ograniczenia przetwarzania, prawo do wniesienia sprzeciwu wobec przetwarzania a tak\u017ce prawo do przenoszenia danych.<br \/>\nZ powy\u017cszych praw mo\u017cna skorzysta\u0107 poprzez kontakt e-mailowy na adres: email: gardencity3019@gmail.com<br \/>\n9) Je\u017celi Administrator przetwarza Pana\/Pani dane osobowe wy\u0142\u0105cznie na podstawie zgody, ma Pan\/Pani prawo w dowolnym momencie wycofa\u0107 t\u0119 zgod\u0119. Cofni\u0119cie zgody nie wp\u0142ywa na zgodno\u015b\u0107 z prawem przetwarzania, kt\u00f3rego dokonano na podstawie zgody przed jej cofni\u0119ciem.<br \/>\n10) Ma Pan\/Pani prawo wniesienia skargi do Prezesa Urz\u0119du Danych Osobowych.<br \/>\n11) Podanie przez Pana\/Pani\u0105 danych osobowych jest dobrowolne, jednak jest niezb\u0119dne do zawarcia i realizacji umowy wynaj\u0119cia apartamentu, brak ich podania uniemo\u017cliwi zawarcie i wykonanie umowy wynajmu.<br \/>\n12) Pani\/Pana dane osobowe nie b\u0119d\u0105 przetwarzane przez Administratora w spos\u00f3b zautomatyzowany, w tym profilowane.<\/p>\n<p>13) Administrator dok\u0142ada wszelkich stara\u0144, aby przechowywanym danym osobowym zapewni\u0107 \u015brodki fizycznej, technicznej i organizacyjnej ochrony przed ich przypadkowym czy umy\u015blnym zniszczeniem, przypadkow\u0105 urat\u0105, zmian\u0105, nieuprawnionym ujawnieniem, wykorzystaniem czy dost\u0119pem, zgodnie z<br \/>\nobowi\u0105zuj\u0105cymi przepisami.<\/p>\n","protected":false},"excerpt":{"rendered":"<p>KLAUZULA INFORMACYJNA Zgodnie z art. 13 ust. 1 i ust. 2 og\u00f3lnego rozporz\u0105dzenia o ochronie danych osobowych z dnia 27 kwietnia 2016 r. informuj\u0119, i\u017c: 1) Administratorem Pani\/Pana danych osobowych jest Marcin Szypu\u0142a, zam. ul Zbo\u017cowa 7, 36-100 Kolbuszowa. POLAND 2) Z Administratorem mo\u017cna kontaktowa\u0107 si\u0119 pisemnie, za pomocy poczty elektronicznej na adres: \u00a0gardencity3019@gmail.com 3) [&hellip;]<\/p>\n","protected":false},"author":1,"featured_media":0,"parent":0,"menu_order":0,"comment_status":"closed","ping_status":"closed","template":"","meta":{"_acf_changed":false,"footnotes":""},"class_list":["post-650","page","type-page","status-publish","hentry"],"acf":[],"_links":{"self":[{"href":"https:\/\/brzezovka.pl\/teneryfa\/wp-json\/wp\/v2\/pages\/650","targetHints":{"allow":["GET"]}}],"collection":[{"href":"https:\/\/brzezovka.pl\/teneryfa\/wp-json\/wp\/v2\/pages"}],"about":[{"href":"https:\/\/brzezovka.pl\/teneryfa\/wp-json\/wp\/v2\/types\/page"}],"author":[{"embeddable":true,"href":"https:\/\/brzezovka.pl\/teneryfa\/wp-json\/wp\/v2\/users\/1"}],"replies":[{"embeddable":true,"href":"https:\/\/brzezovka.pl\/teneryfa\/wp-json\/wp\/v2\/comments?post=650"}],"version-history":[{"count":11,"href":"https:\/\/brzezovka.pl\/teneryfa\/wp-json\/wp\/v2\/pages\/650\/revisions"}],"predecessor-version":[{"id":913,"href":"https:\/\/brzezovka.pl\/teneryfa\/wp-json\/wp\/v2\/pages\/650\/revisions\/913"}],"wp:attachment":[{"href":"https:\/\/brzezovka.pl\/teneryfa\/wp-json\/wp\/v2\/media?parent=650"}],"curies":[{"name":"wp","href":"https:\/\/api.w.org\/{rel}","templated":true}]}}